{"id":723,"date":"2024-12-18T00:53:47","date_gmt":"2024-12-18T00:53:47","guid":{"rendered":"https:\/\/somosecoclean.com.ar\/?page_id=723"},"modified":"2025-09-12T15:20:56","modified_gmt":"2025-09-12T15:20:56","slug":"politica-de-gestion-integrada","status":"publish","type":"page","link":"https:\/\/somosecoclean.com.ar\/index.php\/politica-de-gestion-integrada\/","title":{"rendered":"Pol\u00edtica de Gesti\u00f3n Integrada"},"content":{"rendered":"\t\t<div data-elementor-type=\"wp-page\" data-elementor-id=\"723\" class=\"elementor elementor-723\" data-elementor-post-type=\"page\">\n\t\t\t\t\t\t<section class=\"elementor-section elementor-top-section elementor-element elementor-element-ffb7dab elementor-section-content-middle elementor-section-boxed elementor-section-height-default elementor-section-height-default\" data-id=\"ffb7dab\" data-element_type=\"section\" data-e-type=\"section\">\n\t\t\t\t\t\t<div class=\"elementor-container elementor-column-gap-no\">\n\t\t\t\t\t<div class=\"elementor-column elementor-col-100 elementor-top-column elementor-element elementor-element-8a746cd\" data-id=\"8a746cd\" data-element_type=\"column\" data-e-type=\"column\">\n\t\t\t<div class=\"elementor-widget-wrap elementor-element-populated\">\n\t\t\t\t\t\t<div class=\"elementor-element elementor-element-31bfc28 elementor-widget__width-initial elementor-widget elementor-widget-heading\" data-id=\"31bfc28\" data-element_type=\"widget\" data-e-type=\"widget\" data-widget_type=\"heading.default\">\n\t\t\t\t<div class=\"elementor-widget-container\">\n\t\t\t\t\t<h2 class=\"elementor-heading-title elementor-size-default\">POL\u00cdTICA <br>\nDE GESTI\u00d3N<br>\nINTEGRADA\n\n<\/h2>\t\t\t\t<\/div>\n\t\t\t\t<\/div>\n\t\t\t\t\t<\/div>\n\t\t<\/div>\n\t\t\t\t\t<\/div>\n\t\t<\/section>\n\t\t\t\t<section class=\"elementor-section elementor-top-section elementor-element elementor-element-269d8a7 elementor-section-boxed elementor-section-height-default elementor-section-height-default\" data-id=\"269d8a7\" data-element_type=\"section\" data-e-type=\"section\">\n\t\t\t\t\t\t<div class=\"elementor-container elementor-column-gap-default\">\n\t\t\t\t\t<div class=\"elementor-column elementor-col-100 elementor-top-column elementor-element elementor-element-4ff4e58\" data-id=\"4ff4e58\" data-element_type=\"column\" data-e-type=\"column\">\n\t\t\t<div class=\"elementor-widget-wrap elementor-element-populated\">\n\t\t\t\t\t\t<div class=\"elementor-element elementor-element-2c2b3a0 elementor-widget__width-initial elementor-widget elementor-widget-text-editor\" data-id=\"2c2b3a0\" data-element_type=\"widget\" data-e-type=\"widget\" data-widget_type=\"text-editor.default\">\n\t\t\t\t<div class=\"elementor-widget-container\">\n\t\t\t\t\t\t\t\t\t<p><strong>Ecoclean<\/strong>, compa\u00f1\u00eda de servicio de limpieza, mantenimiento de bienes muebles (no edificios), limpieza en altura, control de plagas, provisi\u00f3n de insumos de limpieza y servicios de limpieza, mantenimiento y desmalezamiento que se realizaren a la intemperie, <strong>define su compromiso con sus colaboradores, los clientes, los proveedores, el medio ambiente, la comunidad en general y todas las partes interesadas <\/strong>bajo los siguientes principios:<\/p>\t\t\t\t\t\t\t\t<\/div>\n\t\t\t\t<\/div>\n\t\t\t\t\t<\/div>\n\t\t<\/div>\n\t\t\t\t\t<\/div>\n\t\t<\/section>\n\t\t\t\t<section class=\"elementor-section elementor-top-section elementor-element elementor-element-2ae0018 elementor-section-boxed elementor-section-height-default elementor-section-height-default\" data-id=\"2ae0018\" data-element_type=\"section\" data-e-type=\"section\" data-settings=\"{&quot;background_background&quot;:&quot;classic&quot;}\">\n\t\t\t\t\t\t<div class=\"elementor-container elementor-column-gap-custom\">\n\t\t\t\t\t<div class=\"elementor-column elementor-col-33 elementor-top-column elementor-element elementor-element-e0adbe2\" data-id=\"e0adbe2\" data-element_type=\"column\" data-e-type=\"column\">\n\t\t\t<div class=\"elementor-widget-wrap elementor-element-populated\">\n\t\t\t\t\t\t<div class=\"elementor-element elementor-element-c1d228a elementor-widget elementor-widget-text-editor\" data-id=\"c1d228a\" data-element_type=\"widget\" data-e-type=\"widget\" data-widget_type=\"text-editor.default\">\n\t\t\t\t<div class=\"elementor-widget-container\">\n\t\t\t\t\t\t\t\t\t<p><strong>Ecoclean<\/strong> se compromete a maximizar la satisfacci\u00f3n del cliente, cumpliendo con los requisitos solicitados por el mismo, y superando las expectativas a trav\u00e9s de la mejora continua de los procesos productivos y administrativos de la compa\u00f1\u00eda. A brindar un servicio de calidad, mediante un sistema de gesti\u00f3n planificado, valores vivenciados, personal capacitado y comprometido con la excelencia.<\/p>\t\t\t\t\t\t\t\t<\/div>\n\t\t\t\t<\/div>\n\t\t\t\t\t<\/div>\n\t\t<\/div>\n\t\t\t\t<div class=\"elementor-column elementor-col-33 elementor-top-column elementor-element elementor-element-994b3df\" data-id=\"994b3df\" data-element_type=\"column\" data-e-type=\"column\">\n\t\t\t<div class=\"elementor-widget-wrap elementor-element-populated\">\n\t\t\t\t\t\t<div class=\"elementor-element elementor-element-e33ba86 elementor-widget elementor-widget-text-editor\" data-id=\"e33ba86\" data-element_type=\"widget\" data-e-type=\"widget\" data-widget_type=\"text-editor.default\">\n\t\t\t\t<div class=\"elementor-widget-container\">\n\t\t\t\t\t\t\t\t\t<p><strong>Ecoclean<\/strong> se compromete a contribuir con la protecci\u00f3n y prevenci\u00f3n del medio ambiente, optimizando el consumo de nuestros recursos, gestionando adecuadamente el impacto ambiental generado por nuestra actividad y desarrollando acciones planificadas que sean positivas para la comunidad.<\/p>\t\t\t\t\t\t\t\t<\/div>\n\t\t\t\t<\/div>\n\t\t\t\t\t<\/div>\n\t\t<\/div>\n\t\t\t\t<div class=\"elementor-column elementor-col-33 elementor-top-column elementor-element elementor-element-7f1819d\" data-id=\"7f1819d\" data-element_type=\"column\" data-e-type=\"column\">\n\t\t\t<div class=\"elementor-widget-wrap elementor-element-populated\">\n\t\t\t\t\t\t<div class=\"elementor-element elementor-element-cc93ed6 elementor-widget elementor-widget-text-editor\" data-id=\"cc93ed6\" data-element_type=\"widget\" data-e-type=\"widget\" data-widget_type=\"text-editor.default\">\n\t\t\t\t<div class=\"elementor-widget-container\">\n\t\t\t\t\t\t\t\t\t<p><strong>Ecoclean<\/strong> se compromete a resguardar la seguridad y salud de todos los trabajadores, proporcionando condiciones \u00f3ptimas de trabajo, eliminando los peligros y disminuyendo los riesgos.<br \/>Tambi\u00e9n a resguardar la salud e integridad personal procurando un buen clima laboral y promoviendo incentivos que aumenten la productividad y motivaci\u00f3n.<\/p>\t\t\t\t\t\t\t\t<\/div>\n\t\t\t\t<\/div>\n\t\t\t\t\t<\/div>\n\t\t<\/div>\n\t\t\t\t\t<\/div>\n\t\t<\/section>\n\t\t\t\t<section class=\"elementor-section elementor-top-section elementor-element elementor-element-f6065fb elementor-section-boxed elementor-section-height-default elementor-section-height-default\" data-id=\"f6065fb\" data-element_type=\"section\" data-e-type=\"section\">\n\t\t\t\t\t\t<div class=\"elementor-container elementor-column-gap-default\">\n\t\t\t\t\t<div class=\"elementor-column elementor-col-100 elementor-top-column elementor-element elementor-element-d2ac1f9\" data-id=\"d2ac1f9\" data-element_type=\"column\" data-e-type=\"column\">\n\t\t\t<div class=\"elementor-widget-wrap elementor-element-populated\">\n\t\t\t\t\t\t<div class=\"elementor-element elementor-element-96cc6eb elementor-widget__width-initial elementor-widget elementor-widget-text-editor\" data-id=\"96cc6eb\" data-element_type=\"widget\" data-e-type=\"widget\" data-widget_type=\"text-editor.default\">\n\t\t\t\t<div class=\"elementor-widget-container\">\n\t\t\t\t\t\t\t\t\t<p><strong>Ecoclean<\/strong> se compromete al cumplimiento de esta pol\u00edtica formando a nuestros colaboradores, facilitando la consulta y participaci\u00f3n, cumplimentando estrictamente las leyes, decretos y reglamentos pertinentes, as\u00ed como las normas y procedimientos establecidos.<\/p>\t\t\t\t\t\t\t\t<\/div>\n\t\t\t\t<\/div>\n\t\t\t\t\t<\/div>\n\t\t<\/div>\n\t\t\t\t\t<\/div>\n\t\t<\/section>\n\t\t\t\t<section class=\"elementor-section elementor-top-section elementor-element elementor-element-a5fcda2 elementor-section-content-middle elementor-section-boxed elementor-section-height-default elementor-section-height-default\" data-id=\"a5fcda2\" data-element_type=\"section\" data-e-type=\"section\">\n\t\t\t\t\t\t<div class=\"elementor-container elementor-column-gap-default\">\n\t\t\t\t\t<div class=\"elementor-column elementor-col-33 elementor-top-column elementor-element elementor-element-12397cf\" data-id=\"12397cf\" data-element_type=\"column\" data-e-type=\"column\">\n\t\t\t<div class=\"elementor-widget-wrap elementor-element-populated\">\n\t\t\t\t\t\t<div class=\"elementor-element elementor-element-548d68b elementor-widget elementor-widget-image\" data-id=\"548d68b\" data-element_type=\"widget\" data-e-type=\"widget\" data-widget_type=\"image.default\">\n\t\t\t\t<div class=\"elementor-widget-container\">\n\t\t\t\t\t\t\t\t\t\t\t\t\t\t\t<img decoding=\"async\" width=\"300\" height=\"161\" data-src=\"https:\/\/somosecoclean.com.ar\/wp-content\/smush-webp\/2024\/12\/FIRMA-MAURO-300x161.jpg.webp\" class=\"attachment-medium size-medium wp-image-771 lazyload\" alt=\"\" data-srcset=\"https:\/\/somosecoclean.com.ar\/wp-content\/smush-webp\/2024\/12\/FIRMA-MAURO-300x161.jpg.webp 300w, https:\/\/somosecoclean.com.ar\/wp-content\/smush-webp\/2024\/12\/FIRMA-MAURO-768x412.jpg.webp 768w, https:\/\/somosecoclean.com.ar\/wp-content\/uploads\/2024\/12\/FIRMA-MAURO.jpg 781w\" data-sizes=\"(max-width: 300px) 100vw, 300px\" src=\"data:image\/svg+xml;base64,PHN2ZyB3aWR0aD0iMSIgaGVpZ2h0PSIxIiB4bWxucz0iaHR0cDovL3d3dy53My5vcmcvMjAwMC9zdmciPjwvc3ZnPg==\" style=\"--smush-placeholder-width: 300px; --smush-placeholder-aspect-ratio: 300\/161;\" \/>\t\t\t\t\t\t\t\t\t\t\t\t\t\t\t<\/div>\n\t\t\t\t<\/div>\n\t\t\t\t\t<\/div>\n\t\t<\/div>\n\t\t\t\t<div class=\"elementor-column elementor-col-33 elementor-top-column elementor-element elementor-element-6425426\" data-id=\"6425426\" data-element_type=\"column\" data-e-type=\"column\">\n\t\t\t<div class=\"elementor-widget-wrap elementor-element-populated\">\n\t\t\t\t\t\t<div class=\"elementor-element elementor-element-d78a509 elementor-widget elementor-widget-text-editor\" data-id=\"d78a509\" data-element_type=\"widget\" data-e-type=\"widget\" data-widget_type=\"text-editor.default\">\n\t\t\t\t<div class=\"elementor-widget-container\">\n\t\t\t\t\t\t\t\t\t<p><strong>Mauro Mart\u00ednez Salgado<\/strong><br \/>Presidente<\/p><p><strong>C\u00f3rdoba 10 de agosto del 2025<\/strong><\/p>\t\t\t\t\t\t\t\t<\/div>\n\t\t\t\t<\/div>\n\t\t\t\t\t<\/div>\n\t\t<\/div>\n\t\t\t\t<div class=\"elementor-column elementor-col-33 elementor-top-column elementor-element elementor-element-5e1a974\" data-id=\"5e1a974\" data-element_type=\"column\" data-e-type=\"column\">\n\t\t\t<div class=\"elementor-widget-wrap elementor-element-populated\">\n\t\t\t\t\t\t<div class=\"elementor-element elementor-element-8b3f228 elementor-widget elementor-widget-image\" data-id=\"8b3f228\" data-element_type=\"widget\" data-e-type=\"widget\" data-widget_type=\"image.default\">\n\t\t\t\t<div class=\"elementor-widget-container\">\n\t\t\t\t\t\t\t\t\t\t\t\t\t\t\t<img decoding=\"async\" width=\"300\" height=\"98\" data-src=\"https:\/\/somosecoclean.com.ar\/wp-content\/smush-webp\/2021\/11\/Ecoclean-Logo-300x98.png.webp\" class=\"attachment-medium size-medium wp-image-210 lazyload\" alt=\"Ecoclean servicio de limpieza\" data-srcset=\"https:\/\/somosecoclean.com.ar\/wp-content\/smush-webp\/2021\/11\/Ecoclean-Logo-300x98.png.webp 300w, https:\/\/somosecoclean.com.ar\/wp-content\/uploads\/2021\/11\/Ecoclean-Logo.png 400w\" data-sizes=\"(max-width: 300px) 100vw, 300px\" src=\"data:image\/svg+xml;base64,PHN2ZyB3aWR0aD0iMSIgaGVpZ2h0PSIxIiB4bWxucz0iaHR0cDovL3d3dy53My5vcmcvMjAwMC9zdmciPjwvc3ZnPg==\" style=\"--smush-placeholder-width: 300px; --smush-placeholder-aspect-ratio: 300\/98;\" \/>\t\t\t\t\t\t\t\t\t\t\t\t\t\t\t<\/div>\n\t\t\t\t<\/div>\n\t\t\t\t\t<\/div>\n\t\t<\/div>\n\t\t\t\t\t<\/div>\n\t\t<\/section>\n\t\t\t\t<section class=\"elementor-section elementor-top-section elementor-element elementor-element-f0e9ab3 elementor-section-boxed elementor-section-height-default elementor-section-height-default\" data-id=\"f0e9ab3\" data-element_type=\"section\" data-e-type=\"section\">\n\t\t\t\t\t\t<div class=\"elementor-container elementor-column-gap-default\">\n\t\t\t\t\t<div class=\"elementor-column elementor-col-100 elementor-top-column elementor-element elementor-element-7574a99\" data-id=\"7574a99\" data-element_type=\"column\" data-e-type=\"column\">\n\t\t\t<div class=\"elementor-widget-wrap elementor-element-populated\">\n\t\t\t\t\t\t<div class=\"elementor-element elementor-element-35d3856 elementor-widget elementor-widget-html\" data-id=\"35d3856\" data-element_type=\"widget\" data-e-type=\"widget\" data-widget_type=\"html.default\">\n\t\t\t\t<div class=\"elementor-widget-container\">\n\t\t\t\t\t<script>\r\n\r\nwindow.addEventListener('mouseover', initLandbot, { once: true });\r\n\r\nwindow.addEventListener('touchstart', initLandbot, { once: true });\r\n\r\nvar myLandbot;\r\n\r\nfunction initLandbot() {\r\n\r\n  if (!myLandbot) {\r\n\r\n    var s = document.createElement('script');\r\n\r\n    s.type = \"module\"\r\n\r\n    s.async = true;\r\n\r\n    s.addEventListener('load', function() {\r\n\r\n      myLandbot = new Landbot.Popup({\r\n\r\n        configUrl: 'https:\/\/storage.googleapis.com\/landbot.online\/v3\/H-2787602-SA0Z1GT4ZCKVGO2O\/index.json',\r\n\r\n      });\r\n\r\n    });\r\n\r\n    s.src = 'https:\/\/cdn.landbot.io\/landbot-3\/landbot-3.0.0.mjs';\r\n\r\n    var x = document.getElementsByTagName('script')[0];\r\n\r\n    x.parentNode.insertBefore(s, x);\r\n\r\n  }\r\n\r\n}\r\n\r\n<\/script>\t\t\t\t<\/div>\n\t\t\t\t<\/div>\n\t\t\t\t\t<\/div>\n\t\t<\/div>\n\t\t\t\t\t<\/div>\n\t\t<\/section>\n\t\t\t\t<\/div>\n\t\t","protected":false},"excerpt":{"rendered":"<p>POL\u00cdTICA DE GESTI\u00d3N INTEGRADA Ecoclean, compa\u00f1\u00eda de servicio de limpieza, mantenimiento de bienes muebles (no edificios), limpieza en altura, control de plagas, provisi\u00f3n de insumos de limpieza y servicios de limpieza, mantenimiento y desmalezamiento que se realizaren a la intemperie, define su compromiso con sus colaboradores, los clientes, los proveedores, el medio ambiente, la comunidad [&hellip;]<\/p>\n","protected":false},"author":1,"featured_media":0,"parent":0,"menu_order":0,"comment_status":"closed","ping_status":"closed","template":"","meta":{"footnotes":""},"class_list":["post-723","page","type-page","status-publish","hentry"],"_links":{"self":[{"href":"https:\/\/somosecoclean.com.ar\/index.php\/wp-json\/wp\/v2\/pages\/723","targetHints":{"allow":["GET"]}}],"collection":[{"href":"https:\/\/somosecoclean.com.ar\/index.php\/wp-json\/wp\/v2\/pages"}],"about":[{"href":"https:\/\/somosecoclean.com.ar\/index.php\/wp-json\/wp\/v2\/types\/page"}],"author":[{"embeddable":true,"href":"https:\/\/somosecoclean.com.ar\/index.php\/wp-json\/wp\/v2\/users\/1"}],"replies":[{"embeddable":true,"href":"https:\/\/somosecoclean.com.ar\/index.php\/wp-json\/wp\/v2\/comments?post=723"}],"version-history":[{"count":55,"href":"https:\/\/somosecoclean.com.ar\/index.php\/wp-json\/wp\/v2\/pages\/723\/revisions"}],"predecessor-version":[{"id":1293,"href":"https:\/\/somosecoclean.com.ar\/index.php\/wp-json\/wp\/v2\/pages\/723\/revisions\/1293"}],"wp:attachment":[{"href":"https:\/\/somosecoclean.com.ar\/index.php\/wp-json\/wp\/v2\/media?parent=723"}],"curies":[{"name":"wp","href":"https:\/\/api.w.org\/{rel}","templated":true}]}}